{"id":715,"date":"2022-08-01T11:15:53","date_gmt":"2022-08-01T09:15:53","guid":{"rendered":"https:\/\/cafedelaplage.com\/page-d-exemple\/"},"modified":"2022-09-19T15:53:19","modified_gmt":"2022-09-19T13:53:19","slug":"page-d-exemple","status":"publish","type":"page","link":"https:\/\/cafedelaplage.com\/en\/","title":{"rendered":"Home"},"content":{"rendered":"<div class=\"wpb-content-wrapper\"><p>[vc_row css_animation=&#8221;&#8221; row_type=&#8221;row&#8221; use_row_as_full_screen_section=&#8221;no&#8221; type=&#8221;full_width&#8221; angled_section=&#8221;no&#8221; text_align=&#8221;left&#8221; background_image_as_pattern=&#8221;without_pattern&#8221; el_class=&#8221;home_hero&#8221; z_index=&#8221;&#8221;][vc_column css_animation=&#8221;fadeInDown&#8221; width=&#8221;1\/2&#8243; css=&#8221;.vc_custom_1661348155833{background-image: url(https:\/\/cafedelaplage.com\/wp-content\/uploads\/2022\/08\/cafe-de-la-plage-chez-pierre-1.jpg?id=563) !important;}&#8221;][vc_column_text el_class=&#8221;link&#8221;]<a href=\"https:\/\/cafedelaplage.com\/en\/cafe-de-la-plage\/\"><span class=\"text-indent\">Esprit c\u00f4t\u00e9 Caf\u00e9<\/span><\/a>[\/vc_column_text][vc_single_image image=&#8221;213&#8243; img_size=&#8221;full&#8221; qode_css_animation=&#8221;&#8221;][\/vc_column][vc_column css_animation=&#8221;fadeInUp&#8221; width=&#8221;1\/2&#8243; css=&#8221;.vc_custom_1661348172325{background-image: url(https:\/\/cafedelaplage.com\/wp-content\/uploads\/2022\/08\/cafe-de-la-plage-chez-pierre-2.jpg?id=565) !important;}&#8221;][vc_column_text el_class=&#8221;link&#8221;]<a href=\"https:\/\/cafedelaplage.com\/en\/restaurant-chez-pierre\/\"><span class=\"text-indent\">Esprit c\u00f4t\u00e9 Restaurant<\/span><\/a>[\/vc_column_text][vc_single_image image=&#8221;999&#8243; img_size=&#8221;full&#8221; qode_css_animation=&#8221;&#8221;][\/vc_column][\/vc_row][vc_row css_animation=&#8221;&#8221; row_type=&#8221;row&#8221; use_row_as_full_screen_section=&#8221;no&#8221; type=&#8221;full_width&#8221; angled_section=&#8221;no&#8221; text_align=&#8221;left&#8221; background_image_as_pattern=&#8221;without_pattern&#8221; el_class=&#8221;home_hero_logo&#8221; z_index=&#8221;&#8221;][vc_column css_animation=&#8221;none&#8221;][vc_single_image image=&#8221;1021&#8243; img_size=&#8221;full&#8221; qode_css_animation=&#8221;&#8221;][\/vc_column][\/vc_row][vc_row css_animation=&#8221;&#8221; row_type=&#8221;row&#8221; use_row_as_full_screen_section=&#8221;no&#8221; type=&#8221;full_width&#8221; angled_section=&#8221;no&#8221; text_align=&#8221;left&#8221; background_image_as_pattern=&#8221;without_pattern&#8221; el_class=&#8221;home_hero_btn&#8221; z_index=&#8221;&#8221;][vc_column css_animation=&#8221;none&#8221;][vc_column_text]<a href=\"#home\"><span class=\"btn-bottom-text\">Lire la suite<\/span><\/a>[\/vc_column_text][\/vc_column][\/vc_row][vc_row css_animation=&#8221;&#8221; row_type=&#8221;row&#8221; use_row_as_full_screen_section=&#8221;no&#8221; type=&#8221;full_width&#8221; angled_section=&#8221;no&#8221; text_align=&#8221;left&#8221; background_image_as_pattern=&#8221;without_pattern&#8221; el_class=&#8221;center_content&#8221; z_index=&#8221;&#8221; el_id=&#8221;home&#8221;][vc_column][vc_column_text]An institution in Arcachon! Anchored on the seafront, it has been more than 50 years that the Caf\u00e9 de la Plage welcomes residents and visitors for a coffee, a cocktail or for a well-mannered and appetizing plate whose guaranteed and real freshness is an irrefutable asset. Comfortably installed on the terrace, time stops and the mind is lost in the contemplation of the passage of boats &#8230;[\/vc_column_text][\/vc_column][\/vc_row][vc_row css_animation=&#8221;&#8221; row_type=&#8221;row&#8221; use_row_as_full_screen_section=&#8221;no&#8221; type=&#8221;full_width&#8221; angled_section=&#8221;no&#8221; text_align=&#8221;left&#8221; background_image_as_pattern=&#8221;without_pattern&#8221; el_class=&#8221;text_img_content padding_content&#8221; z_index=&#8221;&#8221;][vc_column width=&#8221;1\/2&#8243;][vc_column_text]<\/p>\n<h2>THE TEAM<\/h2>\n<p>Dynamic, warm and attentive, our team is experienced in maneuvering and knows perfectly how to adapt to the rush. Our manager, Vincent Gerbaut, has been orchestrating the ballet of the waiters for fifteen years.<br \/>\n[\/vc_column_text]<a  itemprop=\"url\" href=\"\/en\/equipe\" target=\"_self\"  class=\"qbutton  default\" style=\"\">DISCOVER OUR TEAM<\/a>[\/vc_column][vc_column width=&#8221;1\/2&#8243;][vc_single_image image=&#8221;569&#8243; img_size=&#8221;full&#8221; qode_css_animation=&#8221;&#8221;][\/vc_column][\/vc_row][vc_row css_animation=&#8221;&#8221; row_type=&#8221;row&#8221; use_row_as_full_screen_section=&#8221;no&#8221; type=&#8221;full_width&#8221; angled_section=&#8221;no&#8221; text_align=&#8221;left&#8221; background_image_as_pattern=&#8221;without_pattern&#8221; el_class=&#8221;img_text_content padding_content&#8221; z_index=&#8221;&#8221;][vc_column width=&#8221;1\/2&#8243;][vc_single_image image=&#8221;575&#8243; img_size=&#8221;full&#8221; qode_css_animation=&#8221;&#8221;][\/vc_column][vc_column width=&#8221;1\/2&#8243;][vc_column_text]<\/p>\n<h2>THE OYSTER BAR<\/h2>\n<p>The Caf\u00e9 de la Plage &#8211; Chez Pierre, is also renowned for seafood, elegantly arranged on our famous shellfish bar ! Langoustines, crab, lobster, shrimps, whelks and winkles&#8230; The restaurant offers a selection of exceptional seafood and shellfish, a daily direct arrival of the freshest. Nicolas and Na\u00efm are the oysters openers of the house. The cooking, the opening of the shellfish, the composition of the trays, it is their trademark! [\/vc_column_text]<a  itemprop=\"url\" href=\"\/en\/ecailler\" target=\"_self\"  class=\"qbutton  default\" style=\"\">Read more<\/a>[\/vc_column][\/vc_row]<\/p>\n<\/div>","protected":false},"excerpt":{"rendered":"<p>[vc_row css_animation=&#8221;&#8221; row_type=&#8221;row&#8221; use_row_as_full_screen_section=&#8221;no&#8221; type=&#8221;full_width&#8221; angled_section=&#8221;no&#8221; text_align=&#8221;left&#8221; background_image_as_pattern=&#8221;without_pattern&#8221; el_class=&#8221;home_hero&#8221; z_index=&#8221;&#8221;][vc_column css_animation=&#8221;fadeInDown&#8221; width=&#8221;1\/2&#8243; css=&#8221;.vc_custom_1661348155833{background-image: url(https:\/\/cafedelaplage.com\/wp-content\/uploads\/2022\/08\/cafe-de-la-plage-chez-pierre-1.jpg?id=563) !important;}&#8221;][vc_column_text el_class=&#8221;link&#8221;]Esprit c\u00f4t\u00e9 Caf\u00e9[\/vc_column_text][vc_single_image image=&#8221;213&#8243; img_size=&#8221;full&#8221; qode_css_animation=&#8221;&#8221;][\/vc_column][vc_column css_animation=&#8221;fadeInUp&#8221; width=&#8221;1\/2&#8243; css=&#8221;.vc_custom_1661348172325{background-image: url(https:\/\/cafedelaplage.com\/wp-content\/uploads\/2022\/08\/cafe-de-la-plage-chez-pierre-2.jpg?id=565) !important;}&#8221;][vc_column_text el_class=&#8221;link&#8221;]Esprit c\u00f4t\u00e9 Restaurant[\/vc_column_text][vc_single_image image=&#8221;999&#8243; img_size=&#8221;full&#8221; qode_css_animation=&#8221;&#8221;][\/vc_column][\/vc_row][vc_row css_animation=&#8221;&#8221; row_type=&#8221;row&#8221; use_row_as_full_screen_section=&#8221;no&#8221; type=&#8221;full_width&#8221; angled_section=&#8221;no&#8221; text_align=&#8221;left&#8221; background_image_as_pattern=&#8221;without_pattern&#8221; el_class=&#8221;home_hero_logo&#8221; z_index=&#8221;&#8221;][vc_column css_animation=&#8221;none&#8221;][vc_single_image image=&#8221;1021&#8243; img_size=&#8221;full&#8221; qode_css_animation=&#8221;&#8221;][\/vc_column][\/vc_row][vc_row&#8230;<\/p>\n","protected":false},"author":1,"featured_media":906,"parent":0,"menu_order":0,"comment_status":"closed","ping_status":"closed","template":"full_width.php","meta":{"footnotes":""},"class_list":["post-715","page","type-page","status-publish","has-post-thumbnail","hentry"],"yoast_head":"<!-- This site is optimized with the Yoast SEO plugin v26.9 - https:\/\/yoast.com\/product\/yoast-seo-wordpress\/ -->\n<title>Home - Caf\u00e9 de la Plage<\/title>\n<meta name=\"robots\" content=\"index, follow, max-snippet:-1, max-image-preview:large, max-video-preview:-1\" \/>\n<link rel=\"canonical\" href=\"https:\/\/cafedelaplage.com\/en\/\" \/>\n<meta property=\"og:locale\" content=\"en_US\" \/>\n<meta property=\"og:type\" content=\"article\" \/>\n<meta property=\"og:title\" content=\"Home - Caf\u00e9 de la Plage\" \/>\n<meta property=\"og:description\" content=\"[vc_row css_animation=&#8221;&#8221; row_type=&#8221;row&#8221; use_row_as_full_screen_section=&#8221;no&#8221; type=&#8221;full_width&#8221; angled_section=&#8221;no&#8221; text_align=&#8221;left&#8221; background_image_as_pattern=&#8221;without_pattern&#8221; el_class=&#8221;home_hero&#8221; z_index=&#8221;&#8221;][vc_column css_animation=&#8221;fadeInDown&#8221; width=&#8221;1\/2&#8243; css=&#8221;.vc_custom_1661348155833{background-image: url(https:\/\/cafedelaplage.com\/wp-content\/uploads\/2022\/08\/cafe-de-la-plage-chez-pierre-1.jpg?id=563) !important;}&#8221;][vc_column_text el_class=&#8221;link&#8221;]Esprit c\u00f4t\u00e9 Caf\u00e9[\/vc_column_text][vc_single_image image=&#8221;213&#8243; img_size=&#8221;full&#8221; qode_css_animation=&#8221;&#8221;][\/vc_column][vc_column css_animation=&#8221;fadeInUp&#8221; width=&#8221;1\/2&#8243; css=&#8221;.vc_custom_1661348172325{background-image: url(https:\/\/cafedelaplage.com\/wp-content\/uploads\/2022\/08\/cafe-de-la-plage-chez-pierre-2.jpg?id=565) !important;}&#8221;][vc_column_text el_class=&#8221;link&#8221;]Esprit c\u00f4t\u00e9 Restaurant[\/vc_column_text][vc_single_image image=&#8221;999&#8243; img_size=&#8221;full&#8221; qode_css_animation=&#8221;&#8221;][\/vc_column][\/vc_row][vc_row css_animation=&#8221;&#8221; row_type=&#8221;row&#8221; use_row_as_full_screen_section=&#8221;no&#8221; type=&#8221;full_width&#8221; angled_section=&#8221;no&#8221; text_align=&#8221;left&#8221; background_image_as_pattern=&#8221;without_pattern&#8221; el_class=&#8221;home_hero_logo&#8221; z_index=&#8221;&#8221;][vc_column css_animation=&#8221;none&#8221;][vc_single_image image=&#8221;1021&#8243; img_size=&#8221;full&#8221; qode_css_animation=&#8221;&#8221;][\/vc_column][\/vc_row][vc_row...\" \/>\n<meta property=\"og:url\" content=\"https:\/\/cafedelaplage.com\/en\/\" \/>\n<meta property=\"og:site_name\" content=\"Caf\u00e9 de la Plage\" \/>\n<meta property=\"article:publisher\" content=\"https:\/\/www.facebook.com\/LeCafedelaPlageArcachon\" \/>\n<meta property=\"article:modified_time\" content=\"2022-09-19T13:53:19+00:00\" \/>\n<meta property=\"og:image\" content=\"https:\/\/cafedelaplage.com\/wp-content\/uploads\/2022\/08\/cafe-de-la-plage-chez-pierre-ecailler-2.jpg\" \/>\n\t<meta property=\"og:image:width\" content=\"1200\" \/>\n\t<meta property=\"og:image:height\" content=\"800\" \/>\n\t<meta property=\"og:image:type\" content=\"image\/jpeg\" \/>\n<meta name=\"twitter:card\" content=\"summary_large_image\" \/>\n<meta name=\"twitter:label1\" content=\"Est. reading time\" \/>\n\t<meta name=\"twitter:data1\" content=\"2 minutes\" \/>\n<script type=\"application\/ld+json\" class=\"yoast-schema-graph\">{\"@context\":\"https:\/\/schema.org\",\"@graph\":[{\"@type\":\"WebPage\",\"@id\":\"https:\/\/cafedelaplage.com\/en\/\",\"url\":\"https:\/\/cafedelaplage.com\/en\/\",\"name\":\"Home - Caf\u00e9 de la Plage\",\"isPartOf\":{\"@id\":\"https:\/\/cafedelaplage.com\/#website\"},\"primaryImageOfPage\":{\"@id\":\"https:\/\/cafedelaplage.com\/en\/#primaryimage\"},\"image\":{\"@id\":\"https:\/\/cafedelaplage.com\/en\/#primaryimage\"},\"thumbnailUrl\":\"https:\/\/cafedelaplage.com\/wp-content\/uploads\/2022\/08\/cafe-de-la-plage-chez-pierre-ecailler-2.jpg\",\"datePublished\":\"2022-08-01T09:15:53+00:00\",\"dateModified\":\"2022-09-19T13:53:19+00:00\",\"breadcrumb\":{\"@id\":\"https:\/\/cafedelaplage.com\/en\/#breadcrumb\"},\"inLanguage\":\"en-US\",\"potentialAction\":[{\"@type\":\"ReadAction\",\"target\":[\"https:\/\/cafedelaplage.com\/en\/\"]}]},{\"@type\":\"ImageObject\",\"inLanguage\":\"en-US\",\"@id\":\"https:\/\/cafedelaplage.com\/en\/#primaryimage\",\"url\":\"https:\/\/cafedelaplage.com\/wp-content\/uploads\/2022\/08\/cafe-de-la-plage-chez-pierre-ecailler-2.jpg\",\"contentUrl\":\"https:\/\/cafedelaplage.com\/wp-content\/uploads\/2022\/08\/cafe-de-la-plage-chez-pierre-ecailler-2.jpg\",\"width\":1200,\"height\":800,\"caption\":\"Plateau de fruits de mer Caf\u00e9 de la plage - Restaurant Chez Pierre \u00e0 Arcachon\"},{\"@type\":\"BreadcrumbList\",\"@id\":\"https:\/\/cafedelaplage.com\/en\/#breadcrumb\",\"itemListElement\":[{\"@type\":\"ListItem\",\"position\":1,\"name\":\"Accueil\",\"item\":\"https:\/\/cafedelaplage.com\/en\/\"},{\"@type\":\"ListItem\",\"position\":2,\"name\":\"Home\"}]},{\"@type\":\"WebSite\",\"@id\":\"https:\/\/cafedelaplage.com\/#website\",\"url\":\"https:\/\/cafedelaplage.com\/\",\"name\":\"Caf\u00e9 de la Plage\",\"description\":\"Un site utilisant WordPress\",\"publisher\":{\"@id\":\"https:\/\/cafedelaplage.com\/#organization\"},\"potentialAction\":[{\"@type\":\"SearchAction\",\"target\":{\"@type\":\"EntryPoint\",\"urlTemplate\":\"https:\/\/cafedelaplage.com\/?s={search_term_string}\"},\"query-input\":{\"@type\":\"PropertyValueSpecification\",\"valueRequired\":true,\"valueName\":\"search_term_string\"}}],\"inLanguage\":\"en-US\"},{\"@type\":\"Organization\",\"@id\":\"https:\/\/cafedelaplage.com\/#organization\",\"name\":\"Caf\u00e9 de la Plage\",\"url\":\"https:\/\/cafedelaplage.com\/\",\"logo\":{\"@type\":\"ImageObject\",\"inLanguage\":\"en-US\",\"@id\":\"https:\/\/cafedelaplage.com\/#\/schema\/logo\/image\/\",\"url\":\"https:\/\/cafedelaplage.com\/wp-content\/uploads\/2022\/08\/logo.svg\",\"contentUrl\":\"https:\/\/cafedelaplage.com\/wp-content\/uploads\/2022\/08\/logo.svg\",\"width\":204,\"height\":137,\"caption\":\"Caf\u00e9 de la Plage\"},\"image\":{\"@id\":\"https:\/\/cafedelaplage.com\/#\/schema\/logo\/image\/\"},\"sameAs\":[\"https:\/\/www.facebook.com\/LeCafedelaPlageArcachon\",\"https:\/\/www.instagram.com\/lecafedelaplage.chezpierre\",\"https:\/\/www.linkedin.com\/company\/le-cafe-de-la-plage\/about\/\"]}]}<\/script>\n<!-- \/ Yoast SEO plugin. -->","yoast_head_json":{"title":"Home - Caf\u00e9 de la Plage","robots":{"index":"index","follow":"follow","max-snippet":"max-snippet:-1","max-image-preview":"max-image-preview:large","max-video-preview":"max-video-preview:-1"},"canonical":"https:\/\/cafedelaplage.com\/en\/","og_locale":"en_US","og_type":"article","og_title":"Home - Caf\u00e9 de la Plage","og_description":"[vc_row css_animation=&#8221;&#8221; row_type=&#8221;row&#8221; use_row_as_full_screen_section=&#8221;no&#8221; type=&#8221;full_width&#8221; angled_section=&#8221;no&#8221; text_align=&#8221;left&#8221; background_image_as_pattern=&#8221;without_pattern&#8221; el_class=&#8221;home_hero&#8221; z_index=&#8221;&#8221;][vc_column css_animation=&#8221;fadeInDown&#8221; width=&#8221;1\/2&#8243; css=&#8221;.vc_custom_1661348155833{background-image: url(https:\/\/cafedelaplage.com\/wp-content\/uploads\/2022\/08\/cafe-de-la-plage-chez-pierre-1.jpg?id=563) !important;}&#8221;][vc_column_text el_class=&#8221;link&#8221;]Esprit c\u00f4t\u00e9 Caf\u00e9[\/vc_column_text][vc_single_image image=&#8221;213&#8243; img_size=&#8221;full&#8221; qode_css_animation=&#8221;&#8221;][\/vc_column][vc_column css_animation=&#8221;fadeInUp&#8221; width=&#8221;1\/2&#8243; css=&#8221;.vc_custom_1661348172325{background-image: url(https:\/\/cafedelaplage.com\/wp-content\/uploads\/2022\/08\/cafe-de-la-plage-chez-pierre-2.jpg?id=565) !important;}&#8221;][vc_column_text el_class=&#8221;link&#8221;]Esprit c\u00f4t\u00e9 Restaurant[\/vc_column_text][vc_single_image image=&#8221;999&#8243; img_size=&#8221;full&#8221; qode_css_animation=&#8221;&#8221;][\/vc_column][\/vc_row][vc_row css_animation=&#8221;&#8221; row_type=&#8221;row&#8221; use_row_as_full_screen_section=&#8221;no&#8221; type=&#8221;full_width&#8221; angled_section=&#8221;no&#8221; text_align=&#8221;left&#8221; background_image_as_pattern=&#8221;without_pattern&#8221; el_class=&#8221;home_hero_logo&#8221; z_index=&#8221;&#8221;][vc_column css_animation=&#8221;none&#8221;][vc_single_image image=&#8221;1021&#8243; img_size=&#8221;full&#8221; qode_css_animation=&#8221;&#8221;][\/vc_column][\/vc_row][vc_row...","og_url":"https:\/\/cafedelaplage.com\/en\/","og_site_name":"Caf\u00e9 de la Plage","article_publisher":"https:\/\/www.facebook.com\/LeCafedelaPlageArcachon","article_modified_time":"2022-09-19T13:53:19+00:00","og_image":[{"width":1200,"height":800,"url":"https:\/\/cafedelaplage.com\/wp-content\/uploads\/2022\/08\/cafe-de-la-plage-chez-pierre-ecailler-2.jpg","type":"image\/jpeg"}],"twitter_card":"summary_large_image","twitter_misc":{"Est. reading time":"2 minutes"},"schema":{"@context":"https:\/\/schema.org","@graph":[{"@type":"WebPage","@id":"https:\/\/cafedelaplage.com\/en\/","url":"https:\/\/cafedelaplage.com\/en\/","name":"Home - Caf\u00e9 de la Plage","isPartOf":{"@id":"https:\/\/cafedelaplage.com\/#website"},"primaryImageOfPage":{"@id":"https:\/\/cafedelaplage.com\/en\/#primaryimage"},"image":{"@id":"https:\/\/cafedelaplage.com\/en\/#primaryimage"},"thumbnailUrl":"https:\/\/cafedelaplage.com\/wp-content\/uploads\/2022\/08\/cafe-de-la-plage-chez-pierre-ecailler-2.jpg","datePublished":"2022-08-01T09:15:53+00:00","dateModified":"2022-09-19T13:53:19+00:00","breadcrumb":{"@id":"https:\/\/cafedelaplage.com\/en\/#breadcrumb"},"inLanguage":"en-US","potentialAction":[{"@type":"ReadAction","target":["https:\/\/cafedelaplage.com\/en\/"]}]},{"@type":"ImageObject","inLanguage":"en-US","@id":"https:\/\/cafedelaplage.com\/en\/#primaryimage","url":"https:\/\/cafedelaplage.com\/wp-content\/uploads\/2022\/08\/cafe-de-la-plage-chez-pierre-ecailler-2.jpg","contentUrl":"https:\/\/cafedelaplage.com\/wp-content\/uploads\/2022\/08\/cafe-de-la-plage-chez-pierre-ecailler-2.jpg","width":1200,"height":800,"caption":"Plateau de fruits de mer Caf\u00e9 de la plage - Restaurant Chez Pierre \u00e0 Arcachon"},{"@type":"BreadcrumbList","@id":"https:\/\/cafedelaplage.com\/en\/#breadcrumb","itemListElement":[{"@type":"ListItem","position":1,"name":"Accueil","item":"https:\/\/cafedelaplage.com\/en\/"},{"@type":"ListItem","position":2,"name":"Home"}]},{"@type":"WebSite","@id":"https:\/\/cafedelaplage.com\/#website","url":"https:\/\/cafedelaplage.com\/","name":"Caf\u00e9 de la Plage","description":"Un site utilisant WordPress","publisher":{"@id":"https:\/\/cafedelaplage.com\/#organization"},"potentialAction":[{"@type":"SearchAction","target":{"@type":"EntryPoint","urlTemplate":"https:\/\/cafedelaplage.com\/?s={search_term_string}"},"query-input":{"@type":"PropertyValueSpecification","valueRequired":true,"valueName":"search_term_string"}}],"inLanguage":"en-US"},{"@type":"Organization","@id":"https:\/\/cafedelaplage.com\/#organization","name":"Caf\u00e9 de la Plage","url":"https:\/\/cafedelaplage.com\/","logo":{"@type":"ImageObject","inLanguage":"en-US","@id":"https:\/\/cafedelaplage.com\/#\/schema\/logo\/image\/","url":"https:\/\/cafedelaplage.com\/wp-content\/uploads\/2022\/08\/logo.svg","contentUrl":"https:\/\/cafedelaplage.com\/wp-content\/uploads\/2022\/08\/logo.svg","width":204,"height":137,"caption":"Caf\u00e9 de la Plage"},"image":{"@id":"https:\/\/cafedelaplage.com\/#\/schema\/logo\/image\/"},"sameAs":["https:\/\/www.facebook.com\/LeCafedelaPlageArcachon","https:\/\/www.instagram.com\/lecafedelaplage.chezpierre","https:\/\/www.linkedin.com\/company\/le-cafe-de-la-plage\/about\/"]}]}},"_links":{"self":[{"href":"https:\/\/cafedelaplage.com\/en\/wp-json\/wp\/v2\/pages\/715","targetHints":{"allow":["GET"]}}],"collection":[{"href":"https:\/\/cafedelaplage.com\/en\/wp-json\/wp\/v2\/pages"}],"about":[{"href":"https:\/\/cafedelaplage.com\/en\/wp-json\/wp\/v2\/types\/page"}],"author":[{"embeddable":true,"href":"https:\/\/cafedelaplage.com\/en\/wp-json\/wp\/v2\/users\/1"}],"replies":[{"embeddable":true,"href":"https:\/\/cafedelaplage.com\/en\/wp-json\/wp\/v2\/comments?post=715"}],"version-history":[{"count":0,"href":"https:\/\/cafedelaplage.com\/en\/wp-json\/wp\/v2\/pages\/715\/revisions"}],"wp:featuredmedia":[{"embeddable":true,"href":"https:\/\/cafedelaplage.com\/en\/wp-json\/wp\/v2\/media\/906"}],"wp:attachment":[{"href":"https:\/\/cafedelaplage.com\/en\/wp-json\/wp\/v2\/media?parent=715"}],"curies":[{"name":"wp","href":"https:\/\/api.w.org\/{rel}","templated":true}]}}